{"id":11,"date":"2018-03-23T13:23:48","date_gmt":"2018-03-23T13:23:48","guid":{"rendered":"http:\/\/bazaphoto.com\/?page_id=11"},"modified":"2025-07-22T09:29:09","modified_gmt":"2025-07-22T02:29:09","slug":"contact-me","status":"publish","type":"page","link":"https:\/\/bazaphoto.com\/vi\/contact-me\/","title":{"rendered":"Contact Me"},"content":{"rendered":"<p><span style=\"font-size: 18px; font-weight: 300;\">N\u00e2ng c\u1ea5p h\u00ecnh \u1ea3nh x\u00e2y d\u1ef1ng th\u01b0\u01a1ng hi\u1ec7u c\u1ee7a b\u1ea1n.<\/span><\/p>\n<p>\u1ea2nh c\u1ee7a t\u00f4i \u0111\u01b0\u1ee3c l\u1ea5y c\u1ea3m h\u1ee9ng t\u1eeb \u00e1nh s\u00e1ng, m\u00e0u s\u1eafc, k\u1ef9 thu\u1eadt t\u1eeb ch\u1ebf bi\u1ebfn \u0111en tr\u1eafng, \u1ea3nh c\u1ed5 \u0111i\u1ec3n, quan \u0111i\u1ec3m s\u00e1ng t\u1ea1o v\u00e0 t\u1ea5t nhi\u00ean \u0111i\u1ec1u quan tr\u1ecdng nh\u1ea5t l\u00e0 t\u00ednh c\u00e1ch c\u1ee7a nh\u1eefng ng\u01b0\u1eddi t\u00f4i ch\u1ee5p \u1ea3nh!<\/p>","protected":false},"excerpt":{"rendered":"<p>N\u00e2ng c\u1ea5p h\u00ecnh \u1ea3nh x\u00e2y d\u1ef1ng th\u01b0\u01a1ng hi\u1ec7u c\u1ee7a b\u1ea1n. \u1ea2nh c\u1ee7a t\u00f4i \u0111\u01b0\u1ee3c l\u1ea5y c\u1ea3m h\u1ee9ng t\u1eeb \u00e1nh s\u00e1ng, m\u00e0u s\u1eafc, k\u1ef9 thu\u1eadt t\u1eeb ch\u1ebf bi\u1ebfn \u0111en tr\u1eafng, \u1ea3nh c\u1ed5 \u0111i\u1ec3n, quan \u0111i\u1ec3m s\u00e1ng t\u1ea1o v\u00e0 t\u1ea5t nhi\u00ean \u0111i\u1ec1u quan tr\u1ecdng nh\u1ea5t l\u00e0 t\u00ednh c\u00e1ch c\u1ee7a nh\u1eefng ng\u01b0\u1eddi t\u00f4i ch\u1ee5p \u1ea3nh!<\/p>\n","protected":false},"author":1,"featured_media":0,"parent":0,"menu_order":0,"comment_status":"closed","ping_status":"closed","template":"template\/contact.php","meta":{"footnotes":""},"class_list":["post-11","page","type-page","status-publish","hentry"],"yoast_head":"<!-- This site is optimized with the Yoast SEO plugin v24.7 - https:\/\/yoast.com\/wordpress\/plugins\/seo\/ -->\r\n<title>Contact BazaPhoto | Start Your Retouching Project Today<\/title>\r\n<meta name=\"description\" content=\"Get in touch with BazaPhoto to discuss your next photo retouching project. We respond quickly and work with clients worldwide.\" \/>\r\n<meta name=\"robots\" content=\"index, follow, max-snippet:-1, max-image-preview:large, max-video-preview:-1\" \/>\r\n<link rel=\"canonical\" href=\"https:\/\/bazaphoto.com\/contact-me\/\" \/>\r\n<meta property=\"og:locale\" content=\"vi_VN\" \/>\r\n<meta property=\"og:type\" content=\"article\" \/>\r\n<meta property=\"og:title\" content=\"Contact BazaPhoto | Start Your Retouching Project Today\" \/>\r\n<meta property=\"og:description\" content=\"Get in touch with BazaPhoto to discuss your next photo retouching project. We respond quickly and work with clients worldwide.\" \/>\r\n<meta property=\"og:url\" content=\"https:\/\/bazaphoto.com\/contact-me\/\" \/>\r\n<meta property=\"og:site_name\" content=\"BAZA\" \/>\r\n<meta property=\"article:modified_time\" content=\"2025-07-22T02:29:09+00:00\" \/>\r\n<meta name=\"twitter:card\" content=\"summary_large_image\" \/>\r\n<meta name=\"twitter:label1\" content=\"\u01af\u1edbc t\u00ednh th\u1eddi gian \u0111\u1ecdc\" \/>\n\t<meta name=\"twitter:data1\" content=\"1 ph\u00fat\" \/>\r\n<script type=\"application\/ld+json\" class=\"yoast-schema-graph\">{\"@context\":\"https:\/\/schema.org\",\"@graph\":[{\"@type\":\"WebPage\",\"@id\":\"https:\/\/bazaphoto.com\/contact-me\/\",\"url\":\"https:\/\/bazaphoto.com\/contact-me\/\",\"name\":\"Contact BazaPhoto | Start Your Retouching Project Today\",\"isPartOf\":{\"@id\":\"https:\/\/bazaphoto.com\/#website\"},\"datePublished\":\"2018-03-23T13:23:48+00:00\",\"dateModified\":\"2025-07-22T02:29:09+00:00\",\"description\":\"Get in touch with BazaPhoto to discuss your next photo retouching project. We respond quickly and work with clients worldwide.\",\"breadcrumb\":{\"@id\":\"https:\/\/bazaphoto.com\/contact-me\/#breadcrumb\"},\"inLanguage\":\"vi\",\"potentialAction\":[{\"@type\":\"ReadAction\",\"target\":[\"https:\/\/bazaphoto.com\/contact-me\/\"]}]},{\"@type\":\"BreadcrumbList\",\"@id\":\"https:\/\/bazaphoto.com\/contact-me\/#breadcrumb\",\"itemListElement\":[{\"@type\":\"ListItem\",\"position\":1,\"name\":\"Home\",\"item\":\"https:\/\/bazaphoto.com\/\"},{\"@type\":\"ListItem\",\"position\":2,\"name\":\"Contact Me\"}]},{\"@type\":\"WebSite\",\"@id\":\"https:\/\/bazaphoto.com\/#website\",\"url\":\"https:\/\/bazaphoto.com\/\",\"name\":\"BAZA\",\"description\":\"\",\"potentialAction\":[{\"@type\":\"SearchAction\",\"target\":{\"@type\":\"EntryPoint\",\"urlTemplate\":\"https:\/\/bazaphoto.com\/?s={search_term_string}\"},\"query-input\":{\"@type\":\"PropertyValueSpecification\",\"valueRequired\":true,\"valueName\":\"search_term_string\"}}],\"inLanguage\":\"vi\"}]}<\/script>\r\n<!-- \/ Yoast SEO plugin. -->","yoast_head_json":{"title":"Contact BazaPhoto | Start Your Retouching Project Today","description":"Get in touch with BazaPhoto to discuss your next photo retouching project. We respond quickly and work with clients worldwide.","robots":{"index":"index","follow":"follow","max-snippet":"max-snippet:-1","max-image-preview":"max-image-preview:large","max-video-preview":"max-video-preview:-1"},"canonical":"https:\/\/bazaphoto.com\/contact-me\/","og_locale":"vi_VN","og_type":"article","og_title":"Contact BazaPhoto | Start Your Retouching Project Today","og_description":"Get in touch with BazaPhoto to discuss your next photo retouching project. We respond quickly and work with clients worldwide.","og_url":"https:\/\/bazaphoto.com\/contact-me\/","og_site_name":"BAZA","article_modified_time":"2025-07-22T02:29:09+00:00","twitter_card":"summary_large_image","twitter_misc":{"\u01af\u1edbc t\u00ednh th\u1eddi gian \u0111\u1ecdc":"1 ph\u00fat"},"schema":{"@context":"https:\/\/schema.org","@graph":[{"@type":"WebPage","@id":"https:\/\/bazaphoto.com\/contact-me\/","url":"https:\/\/bazaphoto.com\/contact-me\/","name":"Contact BazaPhoto | Start Your Retouching Project Today","isPartOf":{"@id":"https:\/\/bazaphoto.com\/#website"},"datePublished":"2018-03-23T13:23:48+00:00","dateModified":"2025-07-22T02:29:09+00:00","description":"Get in touch with BazaPhoto to discuss your next photo retouching project. We respond quickly and work with clients worldwide.","breadcrumb":{"@id":"https:\/\/bazaphoto.com\/contact-me\/#breadcrumb"},"inLanguage":"vi","potentialAction":[{"@type":"ReadAction","target":["https:\/\/bazaphoto.com\/contact-me\/"]}]},{"@type":"BreadcrumbList","@id":"https:\/\/bazaphoto.com\/contact-me\/#breadcrumb","itemListElement":[{"@type":"ListItem","position":1,"name":"Home","item":"https:\/\/bazaphoto.com\/"},{"@type":"ListItem","position":2,"name":"Contact Me"}]},{"@type":"WebSite","@id":"https:\/\/bazaphoto.com\/#website","url":"https:\/\/bazaphoto.com\/","name":"BAZA","description":"","potentialAction":[{"@type":"SearchAction","target":{"@type":"EntryPoint","urlTemplate":"https:\/\/bazaphoto.com\/?s={search_term_string}"},"query-input":{"@type":"PropertyValueSpecification","valueRequired":true,"valueName":"search_term_string"}}],"inLanguage":"vi"}]}},"_links":{"self":[{"href":"https:\/\/bazaphoto.com\/vi\/wp-json\/wp\/v2\/pages\/11","targetHints":{"allow":["GET"]}}],"collection":[{"href":"https:\/\/bazaphoto.com\/vi\/wp-json\/wp\/v2\/pages"}],"about":[{"href":"https:\/\/bazaphoto.com\/vi\/wp-json\/wp\/v2\/types\/page"}],"author":[{"embeddable":true,"href":"https:\/\/bazaphoto.com\/vi\/wp-json\/wp\/v2\/users\/1"}],"replies":[{"embeddable":true,"href":"https:\/\/bazaphoto.com\/vi\/wp-json\/wp\/v2\/comments?post=11"}],"version-history":[{"count":5,"href":"https:\/\/bazaphoto.com\/vi\/wp-json\/wp\/v2\/pages\/11\/revisions"}],"predecessor-version":[{"id":257,"href":"https:\/\/bazaphoto.com\/vi\/wp-json\/wp\/v2\/pages\/11\/revisions\/257"}],"wp:attachment":[{"href":"https:\/\/bazaphoto.com\/vi\/wp-json\/wp\/v2\/media?parent=11"}],"curies":[{"name":"wp","href":"https:\/\/api.w.org\/{rel}","templated":true}]}}