{"id":870,"date":"2025-12-04T12:04:00","date_gmt":"2025-12-04T05:04:00","guid":{"rendered":"https:\/\/bazaphoto.com\/?page_id=870"},"modified":"2026-03-17T17:52:21","modified_gmt":"2026-03-17T10:52:21","slug":"baza-company-tuyen-dung-nhan-vien-kinh-doanh-2026","status":"publish","type":"page","link":"https:\/\/bazaphoto.com\/vi\/baza-company-tuyen-dung-nhan-vien-kinh-doanh-2026\/","title":{"rendered":"BAZA TUY\u1ec2N D\u1ee4NG NH\u00c2N VI\u00caN KINH DOANH 2026"},"content":{"rendered":"<p>1\/ M\u00f4 t\u1ea3 c\u00f4ng vi\u1ec7c:<br \/>\n&#8211; Gi\u1edbi thi\u1ec7u d\u1ecbch v\u1ee5 c\u1ee7a c\u00f4ng ty t\u1edbi kh\u00e1ch h\u00e0ng.<br \/>\n&#8211; Nghi\u00ean c\u1ee9u ph\u00e2n t\u00edch th\u1ecb tr\u01b0\u1eddng v\u00e0 kh\u00e1ch h\u00e0ng.<br \/>\n&#8211; \u0110\u00e0m ph\u00e1n v\u00e0 ch\u1ed1t \u0111\u01a1n h\u00e0ng.<br \/>\n&#8211; \u0110\u01b0\u1ee3c c\u00f4ng ty h\u1ed7 tr\u1ee3 t\u1ec7p kh\u00e1ch h\u00e0ng.<br \/>\n&#8211; \u0110\u01b0\u1ee3c \u0111\u00e0o t\u1ea1o ki\u1ebfn th\u1ee9c v\u1ec1 sale, marketing.<br \/>\n2\/ Y\u00eau c\u1ea7u c\u00f4ng vi\u1ec7c:<br \/>\n&#8211; Tr\u00ecnh \u0111\u1ed9: Cao \u0111\u1eb3ng tr\u1edf l\u00ean.<br \/>\n&#8211; C\u00f3 k\u0129 n\u0103ng ti\u1ebfng Anh t\u1ed1t (4 k\u1ef9 n\u0103ng).<br \/>\n&#8211; Bi\u1ebft s\u1eed d\u1ee5ng m\u00e1y t\u00ednh v\u00e0 tin h\u1ecdc v\u0103n ph\u00f2ng.<br \/>\n&#8211; Kh\u00f4ng y\u00eau c\u1ea7u kinh nghi\u1ec7m l\u00e0m vi\u1ec7c.<br \/>\n&#8211; C\u00f3 t\u01b0 duy logic, ch\u1ee7 \u0111\u1ed9ng trong c\u00f4ng vi\u1ec7c, nhanh nh\u1ea1y, nhi\u1ec7t t\u00ecnh.<br \/>\n&#8211; C\u00f3 ch\u1ee9ng ch\u1ec9 ti\u1ebfng Anh l\u00e0 m\u1ed9t l\u1ee3i th\u1ebf.<br \/>\n&#8211; C\u00f3 nh\u1eadn sinh vi\u00ean m\u1edbi t\u1ed1t nghi\u1ec7p ( \u01afu ti\u00ean khoa Ngo\u1ea1i ng\u1eef c\u1ee7a \u0110\u1ea1i h\u1ecdc Vinh)<br \/>\n&#8211; C\u00f3 tinh th\u1ea7n l\u00e0m vi\u1ec7c tr\u00e1ch nhi\u1ec7m, kh\u1ea3 n\u0103ng l\u00e0m vi\u1ec7c \u0111\u1ed9c l\u1eadp, l\u00e0m vi\u1ec7c theo nh\u00f3m.<br \/>\n3\/ Quy\u1ec1n l\u1ee3i:<br \/>\n&#8211; \u0110\u01b0\u1ee3c \u0111\u00e0o t\u1ea1o b\u00e0i b\u1ea3n t\u1eeb \u0111\u1ea7u v\u1edbi \u1ee9ng vi\u00ean m\u1edbi.<br \/>\n&#8211; C\u00f3 c\u01a1 h\u1ed9i ti\u1ebfp c\u1eadn v\u00e0 l\u00e0m vi\u1ec7c v\u1edbi nh\u1eefng d\u1ef1 \u00e1n n\u01b0\u1edbc ngo\u00e0i.<br \/>\n&#8211; M\u1ee9c l\u01b0\u01a1ng s\u1ebd trao \u0111\u1ed5i c\u1ee5 th\u1ec3 khi ph\u1ecfng v\u1ea5n.<br \/>\n&#8211; M\u1ee9c l\u01b0\u01a1ng c\u00f3 th\u1ec3 cao h\u01a1n t\u00f9y thu\u1ed9c v\u00e0o n\u0103ng l\u1ef1c.<br \/>\n&#8211; C\u01a1 h\u1ed9i th\u0103ng ti\u1ebfn r\u00f5 r\u00e0ng, x\u00e9t t\u0103ng l\u01b0\u01a1ng \u0111\u1ecbnh k\u1ef3.<br \/>\n&#8211; \u0110\u01b0\u1ee3c th\u01b0\u1edfng \u0111i du l\u1ecbch \u0111\u1ecbnh k\u1ef3 khi ho\u00e0n th\u00e0nh t\u1ed1t c\u00f4ng vi\u1ec7c h\u00e0ng n\u0103m.<br \/>\n&#8211; \u0110\u01b0\u1ee3c \u0111\u00f3ng BHXH, BHYT v\u00e0 c\u00e1c ph\u00fac l\u1ee3i kh\u00e1c theo quy \u0111\u1ecbnh nh\u00e0 n\u01b0\u1edbc.<br \/>\n&#8211; M\u00f4i tr\u01b0\u1eddng l\u00e0m vi\u1ec7c th\u00e2n thi\u1ec7n, chuy\u00ean nghi\u1ec7p, khuy\u1ebfn kh\u00edch trao \u0111\u1ed5i \u00fd ki\u1ebfn, th\u1eafc m\u1eafc khi l\u00e0m vi\u1ec7c.<br \/>\n&#8211; \u0110\u01b0\u1ee3c ngh\u1ec9 c\u00e1c d\u1ecbp l\u1ec5 theo quy \u0111\u1ecbnh c\u1ee7a nh\u00e0 n\u01b0\u1edbc.<\/p>\n<p>\u1ee8NG VI\u00caN C\u00d3 NHU C\u1ea6U LI\u00caN H\u1ec6:<br \/>\nB\u1ed9 ph\u1eadn tuy\u1ec3n d\u1ee5ng &#8211; 033.317.6268<br \/>\nG\u1eedi CV v\u1ec1 Email: baza.tuyendung@gmail.com<br \/>\nN\u1ed9i dung g\u1eedi email: H\u1ecd t\u00ean _ V\u1ecb tr\u00ed \u1ee9ng tuy\u1ec3n _ S\u1ed1 \u0111i\u1ec7n tho\u1ea1i<br \/>\nHo\u1eb7c \u0111\u0103ng k\u00fd t\u1ea1i \u0111\u00e2y: <a href=\"https:\/\/forms.gle\/K1zgpCgLTMFzxa537\">https:\/\/forms.gle\/K1zgpCgLTMFzxa537<\/a><br \/>\n\u1ee8ng vi\u00ean tr\u01b0\u1edbc khi \u0111\u1ebfn ph\u1ecfng v\u1ea5n c\u1ea7n t\u00ecm hi\u1ec3u c\u00f4ng ty t\u1ea1i:<br \/>\n&#8211; Fanpage: <a href=\"https:\/\/www.facebook.com\/bazacompanyy\/\">facebook.com\/bazacompanyy\/<\/a><br \/>\n&#8211; Website: <a href=\"https:\/\/bazaphoto.com\/\">bazaphoto.com\/<\/a><br \/>\n\u0110\u1ecba ch\u1ec9 v\u0103n ph\u00f2ng:<br \/>\n73 Nguy\u1ec5n X\u00ed, Ph\u01b0\u1eddng Tr\u01b0\u1eddng Vinh , Ngh\u1ec7 An<\/p>\n","protected":false},"excerpt":{"rendered":"<p>1\/ M\u00f4 t\u1ea3 c\u00f4ng vi\u1ec7c: &#8211; Gi\u1edbi thi\u1ec7u d\u1ecbch v\u1ee5 c\u1ee7a c\u00f4ng ty t\u1edbi kh\u00e1ch h\u00e0ng. &#8211; Nghi\u00ean c\u1ee9u ph\u00e2n t\u00edch th\u1ecb tr\u01b0\u1eddng v\u00e0 kh\u00e1ch h\u00e0ng. &#8211; \u0110\u00e0m ph\u00e1n v\u00e0 ch\u1ed1t \u0111\u01a1n h\u00e0ng. &#8211; \u0110\u01b0\u1ee3c c\u00f4ng ty h\u1ed7 tr\u1ee3 t\u1ec7p kh\u00e1ch h\u00e0ng. &#8211; \u0110\u01b0\u1ee3c \u0111\u00e0o t\u1ea1o ki\u1ebfn th\u1ee9c v\u1ec1 sale, marketing. 2\/ Y\u00eau c\u1ea7u c\u00f4ng [&hellip;]<\/p>\n","protected":false},"author":1,"featured_media":886,"parent":0,"menu_order":0,"comment_status":"closed","ping_status":"closed","template":"","meta":{"footnotes":""},"class_list":["post-870","page","type-page","status-publish","has-post-thumbnail","hentry"],"yoast_head":"<!-- This site is optimized with the Yoast SEO plugin v24.7 - https:\/\/yoast.com\/wordpress\/plugins\/seo\/ -->\r\n<title>BAZA TUY\u1ec2N D\u1ee4NG NH\u00c2N VI\u00caN KINH DOANH 2026 - BAZA<\/title>\r\n<meta name=\"robots\" content=\"index, follow, max-snippet:-1, max-image-preview:large, max-video-preview:-1\" \/>\r\n<link rel=\"canonical\" href=\"https:\/\/bazaphoto.com\/baza-company-tuyen-dung-nhan-vien-kinh-doanh-2026\/\" \/>\r\n<meta property=\"og:locale\" content=\"vi_VN\" \/>\r\n<meta property=\"og:type\" content=\"article\" \/>\r\n<meta property=\"og:title\" content=\"BAZA TUY\u1ec2N D\u1ee4NG NH\u00c2N VI\u00caN KINH DOANH 2026 - BAZA\" \/>\r\n<meta property=\"og:description\" content=\"1\/ M\u00f4 t\u1ea3 c\u00f4ng vi\u1ec7c: &#8211; Gi\u1edbi thi\u1ec7u d\u1ecbch v\u1ee5 c\u1ee7a c\u00f4ng ty t\u1edbi kh\u00e1ch h\u00e0ng. &#8211; Nghi\u00ean c\u1ee9u ph\u00e2n t\u00edch th\u1ecb tr\u01b0\u1eddng v\u00e0 kh\u00e1ch h\u00e0ng. &#8211; \u0110\u00e0m ph\u00e1n v\u00e0 ch\u1ed1t \u0111\u01a1n h\u00e0ng. &#8211; \u0110\u01b0\u1ee3c c\u00f4ng ty h\u1ed7 tr\u1ee3 t\u1ec7p kh\u00e1ch h\u00e0ng. &#8211; \u0110\u01b0\u1ee3c \u0111\u00e0o t\u1ea1o ki\u1ebfn th\u1ee9c v\u1ec1 sale, marketing. 2\/ Y\u00eau c\u1ea7u c\u00f4ng [&hellip;]\" \/>\r\n<meta property=\"og:url\" content=\"https:\/\/bazaphoto.com\/baza-company-tuyen-dung-nhan-vien-kinh-doanh-2026\/\" \/>\r\n<meta property=\"og:site_name\" content=\"BAZA\" \/>\r\n<meta property=\"article:modified_time\" content=\"2026-03-17T10:52:21+00:00\" \/>\r\n<meta property=\"og:image\" content=\"https:\/\/bazaphoto.com\/wp-content\/uploads\/2026\/03\/488924903_1305145551026889_6687280780226165115_n-1-e1773740114224.jpg\" \/>\r\n\t<meta property=\"og:image:width\" content=\"2040\" \/>\r\n\t<meta property=\"og:image:height\" content=\"508\" \/>\r\n\t<meta property=\"og:image:type\" content=\"image\/jpeg\" \/>\r\n<meta name=\"twitter:card\" content=\"summary_large_image\" \/>\r\n<meta name=\"twitter:label1\" content=\"\u01af\u1edbc t\u00ednh th\u1eddi gian \u0111\u1ecdc\" \/>\n\t<meta name=\"twitter:data1\" content=\"2 ph\u00fat\" \/>\r\n<script type=\"application\/ld+json\" class=\"yoast-schema-graph\">{\"@context\":\"https:\/\/schema.org\",\"@graph\":[{\"@type\":\"WebPage\",\"@id\":\"https:\/\/bazaphoto.com\/baza-company-tuyen-dung-nhan-vien-kinh-doanh-2026\/\",\"url\":\"https:\/\/bazaphoto.com\/baza-company-tuyen-dung-nhan-vien-kinh-doanh-2026\/\",\"name\":\"BAZA TUY\u1ec2N D\u1ee4NG NH\u00c2N VI\u00caN KINH DOANH 2026 - BAZA\",\"isPartOf\":{\"@id\":\"https:\/\/bazaphoto.com\/#website\"},\"primaryImageOfPage\":{\"@id\":\"https:\/\/bazaphoto.com\/baza-company-tuyen-dung-nhan-vien-kinh-doanh-2026\/#primaryimage\"},\"image\":{\"@id\":\"https:\/\/bazaphoto.com\/baza-company-tuyen-dung-nhan-vien-kinh-doanh-2026\/#primaryimage\"},\"thumbnailUrl\":\"https:\/\/bazaphoto.com\/wp-content\/uploads\/2026\/03\/488924903_1305145551026889_6687280780226165115_n-1-e1773740114224.jpg\",\"datePublished\":\"2025-12-04T05:04:00+00:00\",\"dateModified\":\"2026-03-17T10:52:21+00:00\",\"breadcrumb\":{\"@id\":\"https:\/\/bazaphoto.com\/baza-company-tuyen-dung-nhan-vien-kinh-doanh-2026\/#breadcrumb\"},\"inLanguage\":\"vi\",\"potentialAction\":[{\"@type\":\"ReadAction\",\"target\":[\"https:\/\/bazaphoto.com\/baza-company-tuyen-dung-nhan-vien-kinh-doanh-2026\/\"]}]},{\"@type\":\"ImageObject\",\"inLanguage\":\"vi\",\"@id\":\"https:\/\/bazaphoto.com\/baza-company-tuyen-dung-nhan-vien-kinh-doanh-2026\/#primaryimage\",\"url\":\"https:\/\/bazaphoto.com\/wp-content\/uploads\/2026\/03\/488924903_1305145551026889_6687280780226165115_n-1-e1773740114224.jpg\",\"contentUrl\":\"https:\/\/bazaphoto.com\/wp-content\/uploads\/2026\/03\/488924903_1305145551026889_6687280780226165115_n-1-e1773740114224.jpg\",\"width\":2040,\"height\":508},{\"@type\":\"BreadcrumbList\",\"@id\":\"https:\/\/bazaphoto.com\/baza-company-tuyen-dung-nhan-vien-kinh-doanh-2026\/#breadcrumb\",\"itemListElement\":[{\"@type\":\"ListItem\",\"position\":1,\"name\":\"Home\",\"item\":\"https:\/\/bazaphoto.com\/\"},{\"@type\":\"ListItem\",\"position\":2,\"name\":\"BAZA TUY\u1ec2N D\u1ee4NG NH\u00c2N VI\u00caN KINH DOANH 2026\"}]},{\"@type\":\"WebSite\",\"@id\":\"https:\/\/bazaphoto.com\/#website\",\"url\":\"https:\/\/bazaphoto.com\/\",\"name\":\"BAZA\",\"description\":\"\",\"potentialAction\":[{\"@type\":\"SearchAction\",\"target\":{\"@type\":\"EntryPoint\",\"urlTemplate\":\"https:\/\/bazaphoto.com\/?s={search_term_string}\"},\"query-input\":{\"@type\":\"PropertyValueSpecification\",\"valueRequired\":true,\"valueName\":\"search_term_string\"}}],\"inLanguage\":\"vi\"}]}<\/script>\r\n<!-- \/ Yoast SEO plugin. -->","yoast_head_json":{"title":"BAZA TUY\u1ec2N D\u1ee4NG NH\u00c2N VI\u00caN KINH DOANH 2026 - BAZA","robots":{"index":"index","follow":"follow","max-snippet":"max-snippet:-1","max-image-preview":"max-image-preview:large","max-video-preview":"max-video-preview:-1"},"canonical":"https:\/\/bazaphoto.com\/baza-company-tuyen-dung-nhan-vien-kinh-doanh-2026\/","og_locale":"vi_VN","og_type":"article","og_title":"BAZA TUY\u1ec2N D\u1ee4NG NH\u00c2N VI\u00caN KINH DOANH 2026 - BAZA","og_description":"1\/ M\u00f4 t\u1ea3 c\u00f4ng vi\u1ec7c: &#8211; Gi\u1edbi thi\u1ec7u d\u1ecbch v\u1ee5 c\u1ee7a c\u00f4ng ty t\u1edbi kh\u00e1ch h\u00e0ng. &#8211; Nghi\u00ean c\u1ee9u ph\u00e2n t\u00edch th\u1ecb tr\u01b0\u1eddng v\u00e0 kh\u00e1ch h\u00e0ng. &#8211; \u0110\u00e0m ph\u00e1n v\u00e0 ch\u1ed1t \u0111\u01a1n h\u00e0ng. &#8211; \u0110\u01b0\u1ee3c c\u00f4ng ty h\u1ed7 tr\u1ee3 t\u1ec7p kh\u00e1ch h\u00e0ng. &#8211; \u0110\u01b0\u1ee3c \u0111\u00e0o t\u1ea1o ki\u1ebfn th\u1ee9c v\u1ec1 sale, marketing. 2\/ Y\u00eau c\u1ea7u c\u00f4ng [&hellip;]","og_url":"https:\/\/bazaphoto.com\/baza-company-tuyen-dung-nhan-vien-kinh-doanh-2026\/","og_site_name":"BAZA","article_modified_time":"2026-03-17T10:52:21+00:00","og_image":[{"width":2040,"height":508,"url":"https:\/\/bazaphoto.com\/wp-content\/uploads\/2026\/03\/488924903_1305145551026889_6687280780226165115_n-1-e1773740114224.jpg","type":"image\/jpeg"}],"twitter_card":"summary_large_image","twitter_misc":{"\u01af\u1edbc t\u00ednh th\u1eddi gian \u0111\u1ecdc":"2 ph\u00fat"},"schema":{"@context":"https:\/\/schema.org","@graph":[{"@type":"WebPage","@id":"https:\/\/bazaphoto.com\/baza-company-tuyen-dung-nhan-vien-kinh-doanh-2026\/","url":"https:\/\/bazaphoto.com\/baza-company-tuyen-dung-nhan-vien-kinh-doanh-2026\/","name":"BAZA TUY\u1ec2N D\u1ee4NG NH\u00c2N VI\u00caN KINH DOANH 2026 - BAZA","isPartOf":{"@id":"https:\/\/bazaphoto.com\/#website"},"primaryImageOfPage":{"@id":"https:\/\/bazaphoto.com\/baza-company-tuyen-dung-nhan-vien-kinh-doanh-2026\/#primaryimage"},"image":{"@id":"https:\/\/bazaphoto.com\/baza-company-tuyen-dung-nhan-vien-kinh-doanh-2026\/#primaryimage"},"thumbnailUrl":"https:\/\/bazaphoto.com\/wp-content\/uploads\/2026\/03\/488924903_1305145551026889_6687280780226165115_n-1-e1773740114224.jpg","datePublished":"2025-12-04T05:04:00+00:00","dateModified":"2026-03-17T10:52:21+00:00","breadcrumb":{"@id":"https:\/\/bazaphoto.com\/baza-company-tuyen-dung-nhan-vien-kinh-doanh-2026\/#breadcrumb"},"inLanguage":"vi","potentialAction":[{"@type":"ReadAction","target":["https:\/\/bazaphoto.com\/baza-company-tuyen-dung-nhan-vien-kinh-doanh-2026\/"]}]},{"@type":"ImageObject","inLanguage":"vi","@id":"https:\/\/bazaphoto.com\/baza-company-tuyen-dung-nhan-vien-kinh-doanh-2026\/#primaryimage","url":"https:\/\/bazaphoto.com\/wp-content\/uploads\/2026\/03\/488924903_1305145551026889_6687280780226165115_n-1-e1773740114224.jpg","contentUrl":"https:\/\/bazaphoto.com\/wp-content\/uploads\/2026\/03\/488924903_1305145551026889_6687280780226165115_n-1-e1773740114224.jpg","width":2040,"height":508},{"@type":"BreadcrumbList","@id":"https:\/\/bazaphoto.com\/baza-company-tuyen-dung-nhan-vien-kinh-doanh-2026\/#breadcrumb","itemListElement":[{"@type":"ListItem","position":1,"name":"Home","item":"https:\/\/bazaphoto.com\/"},{"@type":"ListItem","position":2,"name":"BAZA TUY\u1ec2N D\u1ee4NG NH\u00c2N VI\u00caN KINH DOANH 2026"}]},{"@type":"WebSite","@id":"https:\/\/bazaphoto.com\/#website","url":"https:\/\/bazaphoto.com\/","name":"BAZA","description":"","potentialAction":[{"@type":"SearchAction","target":{"@type":"EntryPoint","urlTemplate":"https:\/\/bazaphoto.com\/?s={search_term_string}"},"query-input":{"@type":"PropertyValueSpecification","valueRequired":true,"valueName":"search_term_string"}}],"inLanguage":"vi"}]}},"_links":{"self":[{"href":"https:\/\/bazaphoto.com\/vi\/wp-json\/wp\/v2\/pages\/870","targetHints":{"allow":["GET"]}}],"collection":[{"href":"https:\/\/bazaphoto.com\/vi\/wp-json\/wp\/v2\/pages"}],"about":[{"href":"https:\/\/bazaphoto.com\/vi\/wp-json\/wp\/v2\/types\/page"}],"author":[{"embeddable":true,"href":"https:\/\/bazaphoto.com\/vi\/wp-json\/wp\/v2\/users\/1"}],"replies":[{"embeddable":true,"href":"https:\/\/bazaphoto.com\/vi\/wp-json\/wp\/v2\/comments?post=870"}],"version-history":[{"count":8,"href":"https:\/\/bazaphoto.com\/vi\/wp-json\/wp\/v2\/pages\/870\/revisions"}],"predecessor-version":[{"id":899,"href":"https:\/\/bazaphoto.com\/vi\/wp-json\/wp\/v2\/pages\/870\/revisions\/899"}],"wp:featuredmedia":[{"embeddable":true,"href":"https:\/\/bazaphoto.com\/vi\/wp-json\/wp\/v2\/media\/886"}],"wp:attachment":[{"href":"https:\/\/bazaphoto.com\/vi\/wp-json\/wp\/v2\/media?parent=870"}],"curies":[{"name":"wp","href":"https:\/\/api.w.org\/{rel}","templated":true}]}}